{"id":1355,"date":"2021-02-02T08:21:22","date_gmt":"2021-02-02T08:21:22","guid":{"rendered":"http:\/\/henrymorales.net\/index.php\/home\/"},"modified":"2024-02-14T19:33:30","modified_gmt":"2024-02-14T19:33:30","slug":"home","status":"publish","type":"page","link":"https:\/\/henrymorales.net\/","title":{"rendered":"Henry Morales"},"content":{"rendered":"<ul>\n<li>\n\t\t\t\t\t\t\t\t\t\t\t<a href=\"https:\/\/twitter.com\/henrysoyyo95\" target=\"_blank\" rel=\"nofollow noopener\"><br \/>\n\t\t\t\t\t\t\t\t\t\t\t<\/a>\n\t\t\t\t\t\t\t\t\t<\/li>\n<li>\n\t\t\t\t\t\t\t\t\t\t\t<a href=\"https:\/\/www.instagram.com\/henryjournalist\/?hl=es\" target=\"_blank\" rel=\"nofollow noopener\"><br \/>\n\t\t\t\t\t\t\t\t\t\t\t<\/a>\n\t\t\t\t\t\t\t\t\t<\/li>\n<li>\n\t\t\t\t\t\t\t\t\t\t\t<a href=\"https:\/\/www.youtube.com\/@henrymoralesjournalist\"><br \/>\n\t\t\t\t\t\t\t\t\t\t\t<\/a>\n\t\t\t\t\t\t\t\t\t<\/li>\n<li>\n\t\t\t\t\t\t\t\t\t\t\t<a href=\"https:\/\/allin1deportes.com\/\"><br \/>\n\t\t\t\t\t\t\t\t\t\t\t<\/a>\n\t\t\t\t\t\t\t\t\t<\/li>\n<\/ul>\n<p>\t\t\t\t\t\t\t\t\t\t\t\t\t\t\t<img decoding=\"async\" width=\"1024\" height=\"1024\" src=\"https:\/\/i0.wp.com\/henrymorales.net\/wp-content\/uploads\/2022\/09\/ReactNative-snapshot-image3964415413812366594.png?resize=1024%2C1024\" alt=\"\" loading=\"lazy\" srcset=\"https:\/\/i0.wp.com\/henrymorales.net\/wp-content\/uploads\/2022\/09\/ReactNative-snapshot-image3964415413812366594.png?resize=1024%2C1024 1024w, https:\/\/i0.wp.com\/henrymorales.net\/wp-content\/uploads\/2022\/09\/ReactNative-snapshot-image3964415413812366594.png?resize=300%2C300 300w, https:\/\/i0.wp.com\/henrymorales.net\/wp-content\/uploads\/2022\/09\/ReactNative-snapshot-image3964415413812366594.png?resize=150%2C150 150w, https:\/\/i0.wp.com\/henrymorales.net\/wp-content\/uploads\/2022\/09\/ReactNative-snapshot-image3964415413812366594.png?resize=768%2C768 768w, https:\/\/i0.wp.com\/henrymorales.net\/wp-content\/uploads\/2022\/09\/ReactNative-snapshot-image3964415413812366594.png?w=1440 1440w\" sizes=\"(max-width: 1024px) 100vw, 1024px\" data-recalc-dims=\"1\" \/>\t\t\t\t\t\t\t\t\t\t\t\t\t\t\t<\/p>\n<h1>Henry Morales<\/h1>\n<p>Periodista &amp; Narrador Deportivo<\/p>\n<p>Coberturas en MLB, Eliminatorias Mundialistas de FIBA Am\u00e9ricas, Copa Intercontinental de FIBA, Copa Oro, MLS y Boxeo Profesional. Fundador de All in 1 Deportes.<\/p>\n<p>\u00a0<\/p>\n<p>\u00a0<\/p>\n<h2>Reel de Presentaci\u00f3n<\/h2>\n<div class=\"ast-oembed-container\" style=\"height: 100%;\"><iframe loading=\"lazy\" title=\"Henry Morales Periodista Deportivo | Reel de Presentaci\u00f3n\" width=\"500\" height=\"281\" src=\"https:\/\/www.youtube.com\/embed\/WsSudeU2UQ4?feature=oembed\" frameborder=\"0\" allow=\"accelerometer; autoplay; clipboard-write; encrypted-media; gyroscope; picture-in-picture; web-share\" referrerpolicy=\"strict-origin-when-cross-origin\" allowfullscreen><\/iframe><\/div>\n<h2>Experiencia en Medios Digitales<\/h2>\n<p>\t\t\t\t\t\t\t\t\t\t\t\t\t\t\t<img decoding=\"async\" width=\"150\" height=\"150\" src=\"https:\/\/i0.wp.com\/henrymorales.net\/wp-content\/uploads\/2022\/09\/pelota-cubana-logo-3000.png?resize=150%2C150\" alt=\"Henry Morales en Pelota Cubana USA\" loading=\"lazy\" srcset=\"https:\/\/i0.wp.com\/henrymorales.net\/wp-content\/uploads\/2022\/09\/pelota-cubana-logo-3000.png?resize=150%2C150 150w, https:\/\/i0.wp.com\/henrymorales.net\/wp-content\/uploads\/2022\/09\/pelota-cubana-logo-3000.png?resize=300%2C300 300w, https:\/\/i0.wp.com\/henrymorales.net\/wp-content\/uploads\/2022\/09\/pelota-cubana-logo-3000.png?resize=1024%2C1024 1024w, https:\/\/i0.wp.com\/henrymorales.net\/wp-content\/uploads\/2022\/09\/pelota-cubana-logo-3000.png?resize=768%2C768 768w, https:\/\/i0.wp.com\/henrymorales.net\/wp-content\/uploads\/2022\/09\/pelota-cubana-logo-3000.png?resize=1536%2C1536 1536w, https:\/\/i0.wp.com\/henrymorales.net\/wp-content\/uploads\/2022\/09\/pelota-cubana-logo-3000.png?resize=2048%2C2048 2048w, https:\/\/i0.wp.com\/henrymorales.net\/wp-content\/uploads\/2022\/09\/pelota-cubana-logo-3000.png?w=3000 3000w\" sizes=\"(max-width: 150px) 100vw, 150px\" data-recalc-dims=\"1\" \/>\t\t\t\t\t\t\t\t\t\t\t\t\t\t\t<\/p>\n<h6>Pelota Cubana<\/h6>\n<p style=\"font-size: 16px; line-height: 1.4em;\">Enero 2020-Presente<\/p>\n<p style=\"font-size: 16px; line-height: 1.4em;\">Redactor, Creador de Contenido, Consultor de Social Media y Posicionamineto Web<\/p>\n<p>\t\t\t<a href=\"https:\/\/henrymorales.net\/index.php\/articulos-de-henry-morales-en-pelota-cubana-usa\/\"><br \/>\n\t\t\t\t\t\t<\/a><br \/>\n\t\t\t\t\t\t\t\t\t\t\t\t\t\t\t<img decoding=\"async\" width=\"150\" height=\"150\" src=\"https:\/\/i0.wp.com\/henrymorales.net\/wp-content\/uploads\/2022\/09\/images.jpg?resize=150%2C150\" alt=\"\" loading=\"lazy\" srcset=\"https:\/\/i0.wp.com\/henrymorales.net\/wp-content\/uploads\/2022\/09\/images.jpg?resize=150%2C150 150w, https:\/\/i0.wp.com\/henrymorales.net\/wp-content\/uploads\/2022\/09\/images.jpg?w=225 225w\" sizes=\"(max-width: 150px) 100vw, 150px\" data-recalc-dims=\"1\" \/>\t\t\t\t\t\t\t\t\t\t\t\t\t\t\t<\/p>\n<h6>Play Off Magazine<\/h6>\n<p style=\"font-size: 16px; line-height: 1.4em;\">Noviembre 2019 &#8211; Julio 2021<\/p>\n<p style=\"font-size: 16px; line-height: 1.4em;\">Redactor, Creador de Contenido, Consultor de Social Media y Posicionamineto Web<\/p>\n<p>\t\t\t<a href=\"https:\/\/playoffmagazine.com\/author\/henry_morales\/\"><br \/>\n\t\t\t\t\t\t<\/a><br \/>\n\t\t\t\t\t\t\t\t\t\t\t\t\t\t\t<img decoding=\"async\" width=\"150\" height=\"150\" src=\"https:\/\/i0.wp.com\/henrymorales.net\/wp-content\/uploads\/2022\/09\/logo-nuevo-cancha-latina_edited.png?resize=150%2C150\" alt=\"\" loading=\"lazy\" srcset=\"https:\/\/i0.wp.com\/henrymorales.net\/wp-content\/uploads\/2022\/09\/logo-nuevo-cancha-latina_edited.png?resize=150%2C150 150w, https:\/\/i0.wp.com\/henrymorales.net\/wp-content\/uploads\/2022\/09\/logo-nuevo-cancha-latina_edited.png?w=298 298w\" sizes=\"(max-width: 150px) 100vw, 150px\" data-recalc-dims=\"1\" \/>\t\t\t\t\t\t\t\t\t\t\t\t\t\t\t<\/p>\n<h6>Cancha Latina<\/h6>\n<p style=\"font-size: 16px; line-height: 1.4em;\">Octubre 2019 &#8211; Diciembre 2022<\/p>\n<p style=\"font-size: 16px; line-height: 1.4em;\">Corresponsal\u00a0<\/p>\n<p style=\"font-size: 16px; line-height: 1.4em;\">\u00a0<\/p>\n<p>\t\t\t<a href=\"https:\/\/canchalatina.com\/author\/eldeamanteblogsports\/\"><br \/>\n\t\t\t\t\t\t<\/a><\/p>\n<h2>Trabajos en MLB<\/h2>\n<div class=\"ast-oembed-container\" style=\"height: 100%;\"><iframe loading=\"lazy\" title=\"Cionel P\u00e9rez habla sobre su temporada con los Orioles de Baltimore\" width=\"500\" height=\"281\" src=\"https:\/\/www.youtube.com\/embed\/zWWJZgJjA_s?feature=oembed\" frameborder=\"0\" allow=\"accelerometer; autoplay; clipboard-write; encrypted-media; gyroscope; picture-in-picture; web-share\" referrerpolicy=\"strict-origin-when-cross-origin\" allowfullscreen><\/iframe><\/div>\n<p>\t\thttps:\/\/youtu.be\/sjl9IFxFUr0https:\/\/youtu.be\/M-wMlBqXOPghttps:\/\/youtu.be\/YSFTyhvbJfQ<br \/>\n\t\thttps:\/\/www.youtube.com\/watch?v=qelRb2lEMZIhttps:\/\/youtu.be\/aPN3YjCb_yshttps:\/\/youtu.be\/q9q_IPlLAL4<br \/>\n\t\thttps:\/\/youtu.be\/i3IflWpNDSohttps:\/\/youtu.be\/gVYc6ADkVSghttps:\/\/youtu.be\/tNzc_piQbjU\t\t<\/p>\n<div class=\"ast-oembed-container\" style=\"height: 100%;\"><iframe loading=\"lazy\" title=\"Julio Rodr\u00edguez quiere ir al Cl\u00e1sico Mundial de Beisbol en 2023\" width=\"500\" height=\"281\" src=\"https:\/\/www.youtube.com\/embed\/tu1yIi-8cjM?feature=oembed\" frameborder=\"0\" allow=\"accelerometer; autoplay; clipboard-write; encrypted-media; gyroscope; picture-in-picture; web-share\" referrerpolicy=\"strict-origin-when-cross-origin\" allowfullscreen><\/iframe><\/div>\n<p>\t\t\t<a href=\"https:\/\/pelotacubanausa.com\/author\/henrymoralesmarquez\/\" role=\"button\"><br \/>\n\t\t\t\t\t\tVer +<br \/>\n\t\t\t\t\t<\/a><\/p>\n<h2>Testimonios sobre Henry Morales<\/h2>\n<p>\t\t\t\t\t\t\t\t\t\t\t\t\t\t\t<img decoding=\"async\" width=\"150\" height=\"150\" src=\"https:\/\/i0.wp.com\/henrymorales.net\/wp-content\/uploads\/2022\/09\/antoni-daimiel-e1663256521426-150x150.jpg?resize=150%2C150\" alt=\"Antoni Daimiel habla de Henry Morales\" loading=\"lazy\" srcset=\"https:\/\/i0.wp.com\/henrymorales.net\/wp-content\/uploads\/2022\/09\/antoni-daimiel-e1663256521426.jpg?resize=150%2C150 150w, https:\/\/i0.wp.com\/henrymorales.net\/wp-content\/uploads\/2022\/09\/antoni-daimiel-e1663256521426.jpg?resize=300%2C300 300w, https:\/\/i0.wp.com\/henrymorales.net\/wp-content\/uploads\/2022\/09\/antoni-daimiel-e1663256521426.jpg?w=431 431w\" sizes=\"(max-width: 150px) 100vw, 150px\" data-recalc-dims=\"1\" \/>\t\t\t\t\t\t\t\t\t\t\t\t\t\t\t<\/p>\n<h4>Antoni<br \/>Daimiel<\/h4>\n<p>\t\t\tComentarista de NBA para<br \/>\nMovistar + Espa\u00f1a\t\t<\/p>\n<h3>\u00abHenry Morales es un periodista al que nunca vi lanzarse al an\u00e1lisis, la cr\u00f3nica o la entrevista sin disponer de un conocimiento amplio y correspondiente sobre la materia o el protagonista. Destaca la sobriedad y madurez que ofrece con su edad\u00bb.<\/h3>\n<h3>\u00a8Henry Morales un muchacho que siempre tiene la creatividad de guardia con ideas novedosas que aportar para hacer crecer  el medio en el cual trabaja. Conocimiento basto en el \u00e1rea de Redes Sociales y anal\u00edticas y un futuro brillante como reportero\u00a8.<\/h3>\n<p>\t\t\t\t\t\t\t\t\t\t\t\t\t\t\t<img decoding=\"async\" width=\"150\" height=\"150\" src=\"https:\/\/i0.wp.com\/henrymorales.net\/wp-content\/uploads\/2022\/09\/descarga-4.jpg?resize=150%2C150\" alt=\"Yordano Carmona habla de Henry Morales\" loading=\"lazy\" srcset=\"https:\/\/i0.wp.com\/henrymorales.net\/wp-content\/uploads\/2022\/09\/descarga-4.jpg?resize=150%2C150 150w, https:\/\/i0.wp.com\/henrymorales.net\/wp-content\/uploads\/2022\/09\/descarga-4.jpg?w=225 225w\" sizes=\"(max-width: 150px) 100vw, 150px\" data-recalc-dims=\"1\" \/>\t\t\t\t\t\t\t\t\t\t\t\t\t\t\t<\/p>\n<h5>Yordano Carmona<\/h5>\n<p>\t\t\tCEO de Pelota Cubana USA<br \/>\n\t\t\t\t\t\t\t\t\t\t\t\t\t\t\t<img decoding=\"async\" width=\"150\" height=\"150\" src=\"https:\/\/i0.wp.com\/henrymorales.net\/wp-content\/uploads\/2022\/09\/1589554753437.jpg?resize=150%2C150\" alt=\"Batty hern\u00e1ndez habl de Henry Morales\" loading=\"lazy\" srcset=\"https:\/\/i0.wp.com\/henrymorales.net\/wp-content\/uploads\/2022\/09\/1589554753437.jpg?resize=150%2C150 150w, https:\/\/i0.wp.com\/henrymorales.net\/wp-content\/uploads\/2022\/09\/1589554753437.jpg?w=200 200w\" sizes=\"(max-width: 150px) 100vw, 150px\" data-recalc-dims=\"1\" \/>\t\t\t\t\t\t\t\t\t\t\t\t\t\t\t<\/p>\n<h5>Betty<br \/>Hern\u00e1ndez<\/h5>\n<p>\t\t\tProductora de<br \/>Telemundo\t\t<\/p>\n<h3>\u00a8Tuve el gusto de trabajar con Henry por casi 2 a\u00f1os en un proyecto de periodismo deportivo. Ha sido muy lindo ver como un muchacho, asi de manera emp\u00edrica, se hizo periodista. Algo que siempre me sorprendi\u00f3 de \u00e9l fue su ojo para las historias y su enfoque al abordar a un entrevistado. Adem\u00e1s del apego que le tiene a todos los proyectos en los que le dan la oportunidad\u00bb.<\/h3>\n","protected":false},"excerpt":{"rendered":"<p>Henry Morales Periodista &amp; Narrador Deportivo Coberturas en MLB, Eliminatorias Mundialistas de FIBA Am\u00e9ricas, Copa Intercontinental de FIBA, Copa Oro, MLS y Boxeo Profesional. Fundador de All in 1 Deportes. \u00a0 \u00a0 Reel de Presentaci\u00f3n Experiencia en Medios Digitales Pelota Cubana Enero 2020-Presente Redactor, Creador de Contenido, Consultor de Social Media y Posicionamineto Web Play &hellip;<\/p>\n<p class=\"read-more\"> <a class=\"\" href=\"https:\/\/henrymorales.net\/\"> <span class=\"screen-reader-text\">Henry Morales<\/span> Leer m\u00e1s &raquo;<\/a><\/p>\n","protected":false},"author":0,"featured_media":1364,"parent":0,"menu_order":0,"comment_status":"closed","ping_status":"closed","template":"elementor_header_footer","meta":{"om_disable_all_campaigns":false,"_mi_skip_tracking":false,"site-sidebar-layout":"no-sidebar","site-content-layout":"page-builder","ast-global-header-display":"","ast-main-header-display":"","ast-hfb-above-header-display":"","ast-hfb-below-header-display":"","ast-hfb-mobile-header-display":"","site-post-title":"disabled","ast-breadcrumbs-content":"disabled","ast-featured-img":"disabled","footer-sml-layout":"","theme-transparent-header-meta":"enabled","adv-header-id-meta":"","stick-header-meta":"","header-above-stick-meta":"","header-main-stick-meta":"","header-below-stick-meta":"","footnotes":""},"_links":{"self":[{"href":"https:\/\/henrymorales.net\/index.php\/wp-json\/wp\/v2\/pages\/1355"}],"collection":[{"href":"https:\/\/henrymorales.net\/index.php\/wp-json\/wp\/v2\/pages"}],"about":[{"href":"https:\/\/henrymorales.net\/index.php\/wp-json\/wp\/v2\/types\/page"}],"replies":[{"embeddable":true,"href":"https:\/\/henrymorales.net\/index.php\/wp-json\/wp\/v2\/comments?post=1355"}],"version-history":[{"count":107,"href":"https:\/\/henrymorales.net\/index.php\/wp-json\/wp\/v2\/pages\/1355\/revisions"}],"predecessor-version":[{"id":1647,"href":"https:\/\/henrymorales.net\/index.php\/wp-json\/wp\/v2\/pages\/1355\/revisions\/1647"}],"wp:featuredmedia":[{"embeddable":true,"href":"https:\/\/henrymorales.net\/index.php\/wp-json\/wp\/v2\/media\/1364"}],"wp:attachment":[{"href":"https:\/\/henrymorales.net\/index.php\/wp-json\/wp\/v2\/media?parent=1355"}],"curies":[{"name":"wp","href":"https:\/\/api.w.org\/{rel}","templated":true}]}}